{"id":1841,"date":"2025-10-19T09:52:29","date_gmt":"2025-10-19T07:52:29","guid":{"rendered":"https:\/\/steuerberater-laubengaier.de\/wiebke-lopez-palafox\/"},"modified":"2025-12-05T23:55:37","modified_gmt":"2025-12-05T22:55:37","slug":"wiebke-lopez-palafox","status":"publish","type":"page","link":"https:\/\/steuerberater-laubengaier.de\/ro\/birou\/wiebke-lopez-palafox\/","title":{"rendered":"Wiebke Lopez Palafox"},"content":{"rendered":"\t\t<div data-elementor-type=\"wp-page\" data-elementor-id=\"1841\" class=\"elementor elementor-1841 elementor-697\" data-elementor-post-type=\"page\">\n\t\t\t\t<div class=\"elementor-element elementor-element-47ef93b e-con-full e-flex e-con e-parent\" data-id=\"47ef93b\" data-element_type=\"container\" data-e-type=\"container\" data-settings=\"{&quot;background_background&quot;:&quot;slideshow&quot;,&quot;background_slideshow_gallery&quot;:[{&quot;id&quot;:1843,&quot;url&quot;:&quot;https:\\\/\\\/steuerberater-laubengaier.de\\\/wp-content\\\/uploads\\\/2025\\\/10\\\/Wiebke-Lopez-Palafox.webp&quot;}],&quot;background_slideshow_loop&quot;:&quot;yes&quot;,&quot;background_slideshow_slide_duration&quot;:5000,&quot;background_slideshow_slide_transition&quot;:&quot;fade&quot;,&quot;background_slideshow_transition_duration&quot;:500}\">\n\t\t<div class=\"elementor-element elementor-element-b00d37d e-grid e-con-full e-con e-child\" data-id=\"b00d37d\" data-element_type=\"container\" data-e-type=\"container\" data-settings=\"{&quot;background_background&quot;:&quot;classic&quot;}\">\n\t\t\t\t<div class=\"elementor-element elementor-element-dbc222a elementor-widget elementor-widget-text-editor\" data-id=\"dbc222a\" data-element_type=\"widget\" data-e-type=\"widget\" data-widget_type=\"text-editor.default\">\n\t\t\t\t\t\t\t\t\tConsilier fiscal, Batchelor of Arts (B.A.)\t\t\t\t\t\t\t\t<\/div>\n\t\t\t\t<div class=\"elementor-element elementor-element-1d5eb6e elementor-widget elementor-widget-heading\" data-id=\"1d5eb6e\" data-element_type=\"widget\" data-e-type=\"widget\" data-widget_type=\"heading.default\">\n\t\t\t\t\t<h2 class=\"elementor-heading-title elementor-size-default\">Wiebke Lopez<\/br>\nPalafox<\/h2>\t\t\t\t<\/div>\n\t\t\t\t<\/div>\n\t\t\t\t<\/div>\n\t\t<div class=\"elementor-element elementor-element-de8c6cd e-con-full e-flex e-con e-parent\" data-id=\"de8c6cd\" data-element_type=\"container\" data-e-type=\"container\">\n\t\t\t\t<div class=\"elementor-element elementor-element-789df7d elementor-widget elementor-widget-heading\" data-id=\"789df7d\" data-element_type=\"widget\" data-e-type=\"widget\" data-widget_type=\"heading.default\">\n\t\t\t\t\t<h2 class=\"elementor-heading-title elementor-size-default\">Experien\u021b\u0103<\/h2>\t\t\t\t<\/div>\n\t\t\t\t<div class=\"elementor-element elementor-element-ba32a03 elementor-widget elementor-widget-text-editor\" data-id=\"ba32a03\" data-element_type=\"widget\" data-e-type=\"widget\" data-widget_type=\"text-editor.default\">\n\t\t\t\t\t\t\t\t\t<p>Dup\u0103 studiile practice \u00een domeniul &#8222;Impozite \u0219i audit&#8221; la Universitatea de \u0218tiin\u021be Aplicate SRH din Calw, Wiebke Lopez Palafox s-a perfec\u021bionat continuu \u00een domeniul consultan\u021bei fiscale \u0219i al auditului.<\/p><p><span style=\"font-style: inherit; font-weight: inherit;\">Cu \u0219ase ani de experien\u021b\u0103 profesional\u0103, \u00een care a preluat, printre altele, conducerea echipelor de audit la fa\u021ba locului, \u0219i-a putut extinde constant expertiza.<br><\/span><span style=\"font-style: inherit; font-weight: inherit;\">De la promovarea cu succes a examenului de consilier fiscal \u00een 2016, Wiebke Lopez Palafox lucreaz\u0103 \u00een cadrul biroului Laubengaier.<\/span><\/p><p>Puncte principale: Impozite pe venit, \u00eentocmire situa\u021bii financiare anuale, consultan\u021b\u0103 pentru clien\u021bi \u00een criz\u0103<\/p><p>Limbi: german\u0103, englez\u0103<\/p><p>E-mail: &#108;o&#x70;e&#x7a;&#64;&#x6c;a&#x75;&#98;&#x65;&#110;&#x67;&#97;&#x69;&#101;r&#46;d&#x65;<\/p>\t\t\t\t\t\t\t\t<\/div>\n\t\t\t\t<div class=\"elementor-element elementor-element-dc40543 elementor-widget elementor-widget-heading\" data-id=\"dc40543\" data-element_type=\"widget\" data-e-type=\"widget\" data-widget_type=\"heading.default\">\n\t\t\t\t\t<h3 class=\"elementor-heading-title elementor-size-default\">Din 2016 - Activitate \u00een biroul Laubengaier<\/h3>\t\t\t\t<\/div>\n\t\t\t\t<div class=\"elementor-element elementor-element-9af205f elementor-widget elementor-widget-heading\" data-id=\"9af205f\" data-element_type=\"widget\" data-e-type=\"widget\" data-widget_type=\"heading.default\">\n\t\t\t\t\t<h3 class=\"elementor-heading-title elementor-size-default\">2016 - Examen de consilier fiscal<\/h3>\t\t\t\t<\/div>\n\t\t\t\t<div class=\"elementor-element elementor-element-02b6bc8 elementor-widget elementor-widget-heading\" data-id=\"02b6bc8\" data-element_type=\"widget\" data-e-type=\"widget\" data-widget_type=\"heading.default\">\n\t\t\t\t\t<h3 class=\"elementor-heading-title elementor-size-default\">2010-2016 - Activitate profesional\u0103 \u00een domeniul auditului \u0219i al consultan\u021bei fiscale (conducerea echipei de audit la fa\u021ba locului)<\/h3>\t\t\t\t<\/div>\n\t\t\t\t<div class=\"elementor-element elementor-element-e214baf elementor-widget elementor-widget-heading\" data-id=\"e214baf\" data-element_type=\"widget\" data-e-type=\"widget\" data-widget_type=\"heading.default\">\n\t\t\t\t\t<h3 class=\"elementor-heading-title elementor-size-default\">2007 - Bachelor of Arts \u00een Impozitare \u0219i Audit (B.A.)<\/h3>\t\t\t\t<\/div>\n\t\t\t\t<\/div>\n\t\t\t\t<\/div>\n\t\t","protected":false},"excerpt":{"rendered":"<p>Consilier fiscal, Batchelor of Arts (B.A.) Wiebke Lopez Palafox Experien\u021b\u0103 Dup\u0103 studiile practice \u00een domeniul &#8222;Impozite \u0219i audit&#8221; la Universitatea [&hellip;]<\/p>\n","protected":false},"author":1,"featured_media":0,"parent":1886,"menu_order":0,"comment_status":"closed","ping_status":"closed","template":"elementor_header_footer","meta":{"site-sidebar-layout":"no-sidebar","site-content-layout":"","ast-site-content-layout":"full-width-container","site-content-style":"default","site-sidebar-style":"default","ast-global-header-display":"","ast-banner-title-visibility":"","ast-main-header-display":"","ast-hfb-above-header-display":"","ast-hfb-below-header-display":"","ast-hfb-mobile-header-display":"","site-post-title":"","ast-breadcrumbs-content":"","ast-featured-img":"disabled","footer-sml-layout":"","ast-disable-related-posts":"","theme-transparent-header-meta":"","adv-header-id-meta":"","stick-header-meta":"","header-above-stick-meta":"","header-main-stick-meta":"","header-below-stick-meta":"","astra-migrate-meta-layouts":"default","ast-page-background-enabled":"default","ast-page-background-meta":{"desktop":{"background-color":"var(--ast-global-color-5)","background-image":"","background-repeat":"repeat","background-position":"center center","background-size":"auto","background-attachment":"scroll","background-type":"","background-media":"","overlay-type":"","overlay-color":"","overlay-opacity":"","overlay-gradient":""},"tablet":{"background-color":"","background-image":"","background-repeat":"repeat","background-position":"center center","background-size":"auto","background-attachment":"scroll","background-type":"","background-media":"","overlay-type":"","overlay-color":"","overlay-opacity":"","overlay-gradient":""},"mobile":{"background-color":"","background-image":"","background-repeat":"repeat","background-position":"center center","background-size":"auto","background-attachment":"scroll","background-type":"","background-media":"","overlay-type":"","overlay-color":"","overlay-opacity":"","overlay-gradient":""}},"ast-content-background-meta":{"desktop":{"background-color":"var(--ast-global-color-4)","background-image":"","background-repeat":"repeat","background-position":"center center","background-size":"auto","background-attachment":"scroll","background-type":"","background-media":"","overlay-type":"","overlay-color":"","overlay-opacity":"","overlay-gradient":""},"tablet":{"background-color":"var(--ast-global-color-4)","background-image":"","background-repeat":"repeat","background-position":"center center","background-size":"auto","background-attachment":"scroll","background-type":"","background-media":"","overlay-type":"","overlay-color":"","overlay-opacity":"","overlay-gradient":""},"mobile":{"background-color":"var(--ast-global-color-4)","background-image":"","background-repeat":"repeat","background-position":"center center","background-size":"auto","background-attachment":"scroll","background-type":"","background-media":"","overlay-type":"","overlay-color":"","overlay-opacity":"","overlay-gradient":""}},"footnotes":""},"class_list":["post-1841","page","type-page","status-publish","hentry"],"yoast_head":"<!-- This site is optimized with the Yoast SEO plugin v27.4 - https:\/\/yoast.com\/product\/yoast-seo-wordpress\/ -->\n<title>Wiebke Lopez Palafox &#187; Laubengaier Klein Partnerschaft mbB<\/title>\n<meta name=\"robots\" content=\"noindex, nofollow\" \/>\n<meta property=\"og:locale\" content=\"ro_RO\" \/>\n<meta property=\"og:type\" content=\"article\" \/>\n<meta property=\"og:title\" content=\"Wiebke Lopez Palafox &#187; Laubengaier Klein Partnerschaft mbB\" \/>\n<meta property=\"og:description\" content=\"Consilier fiscal, Batchelor of Arts (B.A.) Wiebke Lopez Palafox Experien\u021b\u0103 Dup\u0103 studiile practice \u00een domeniul &#8222;Impozite \u0219i audit&#8221; la Universitatea [&hellip;]\" \/>\n<meta property=\"og:url\" content=\"https:\/\/steuerberater-laubengaier.de\/ro\/birou\/wiebke-lopez-palafox\/\" \/>\n<meta property=\"og:site_name\" content=\"Laubengaier Klein Partnerschaft mbB\" \/>\n<meta property=\"article:modified_time\" content=\"2025-12-05T22:55:37+00:00\" \/>\n<meta name=\"twitter:card\" content=\"summary_large_image\" \/>\n<meta name=\"twitter:label1\" content=\"Timp estimat pentru citire\" \/>\n\t<meta name=\"twitter:data1\" content=\"1 minut\" \/>\n<script type=\"application\/ld+json\" class=\"yoast-schema-graph\">{\"@context\":\"https:\\\/\\\/schema.org\",\"@graph\":[{\"@type\":\"WebPage\",\"@id\":\"https:\\\/\\\/steuerberater-laubengaier.de\\\/ro\\\/birou\\\/wiebke-lopez-palafox\\\/\",\"url\":\"https:\\\/\\\/steuerberater-laubengaier.de\\\/ro\\\/birou\\\/wiebke-lopez-palafox\\\/\",\"name\":\"Wiebke Lopez Palafox &#187; Laubengaier Klein Partnerschaft mbB\",\"isPartOf\":{\"@id\":\"https:\\\/\\\/steuerberater-laubengaier.de\\\/ro\\\/#website\"},\"datePublished\":\"2025-10-19T07:52:29+00:00\",\"dateModified\":\"2025-12-05T22:55:37+00:00\",\"breadcrumb\":{\"@id\":\"https:\\\/\\\/steuerberater-laubengaier.de\\\/ro\\\/birou\\\/wiebke-lopez-palafox\\\/#breadcrumb\"},\"inLanguage\":\"ro-RO\",\"potentialAction\":[{\"@type\":\"ReadAction\",\"target\":[\"https:\\\/\\\/steuerberater-laubengaier.de\\\/ro\\\/birou\\\/wiebke-lopez-palafox\\\/\"]}]},{\"@type\":\"BreadcrumbList\",\"@id\":\"https:\\\/\\\/steuerberater-laubengaier.de\\\/ro\\\/birou\\\/wiebke-lopez-palafox\\\/#breadcrumb\",\"itemListElement\":[{\"@type\":\"ListItem\",\"position\":1,\"name\":\"Startseite\",\"item\":\"https:\\\/\\\/steuerberater-laubengaier.de\\\/ro\\\/\"},{\"@type\":\"ListItem\",\"position\":2,\"name\":\"Birou\",\"item\":\"https:\\\/\\\/steuerberater-laubengaier.de\\\/ro\\\/kanzlei\\\/\"},{\"@type\":\"ListItem\",\"position\":3,\"name\":\"Wiebke Lopez Palafox\"}]},{\"@type\":\"WebSite\",\"@id\":\"https:\\\/\\\/steuerberater-laubengaier.de\\\/ro\\\/#website\",\"url\":\"https:\\\/\\\/steuerberater-laubengaier.de\\\/ro\\\/\",\"name\":\"Laubengaier Klein Partnerschaft mbB\",\"description\":\"\",\"publisher\":{\"@id\":\"https:\\\/\\\/steuerberater-laubengaier.de\\\/ro\\\/#organization\"},\"potentialAction\":[{\"@type\":\"SearchAction\",\"target\":{\"@type\":\"EntryPoint\",\"urlTemplate\":\"https:\\\/\\\/steuerberater-laubengaier.de\\\/ro\\\/?s={search_term_string}\"},\"query-input\":{\"@type\":\"PropertyValueSpecification\",\"valueRequired\":true,\"valueName\":\"search_term_string\"}}],\"inLanguage\":\"ro-RO\"},{\"@type\":\"Organization\",\"@id\":\"https:\\\/\\\/steuerberater-laubengaier.de\\\/ro\\\/#organization\",\"name\":\"Laubengaier Klein Partnerschaft mbB\",\"url\":\"https:\\\/\\\/steuerberater-laubengaier.de\\\/ro\\\/\",\"logo\":{\"@type\":\"ImageObject\",\"inLanguage\":\"ro-RO\",\"@id\":\"https:\\\/\\\/steuerberater-laubengaier.de\\\/ro\\\/#\\\/schema\\\/logo\\\/image\\\/\",\"url\":\"https:\\\/\\\/steuerberater-laubengaier.de\\\/wp-content\\\/uploads\\\/2025\\\/10\\\/cropped-mol_logo-1.webp\",\"contentUrl\":\"https:\\\/\\\/steuerberater-laubengaier.de\\\/wp-content\\\/uploads\\\/2025\\\/10\\\/cropped-mol_logo-1.webp\",\"width\":1918,\"height\":1706,\"caption\":\"Laubengaier Klein Partnerschaft mbB\"},\"image\":{\"@id\":\"https:\\\/\\\/steuerberater-laubengaier.de\\\/ro\\\/#\\\/schema\\\/logo\\\/image\\\/\"}}]}<\/script>\n<!-- \/ Yoast SEO plugin. -->","yoast_head_json":{"title":"Wiebke Lopez Palafox &#187; Laubengaier Klein Partnerschaft mbB","robots":{"index":"noindex","follow":"nofollow"},"og_locale":"ro_RO","og_type":"article","og_title":"Wiebke Lopez Palafox &#187; Laubengaier Klein Partnerschaft mbB","og_description":"Consilier fiscal, Batchelor of Arts (B.A.) Wiebke Lopez Palafox Experien\u021b\u0103 Dup\u0103 studiile practice \u00een domeniul &#8222;Impozite \u0219i audit&#8221; la Universitatea [&hellip;]","og_url":"https:\/\/steuerberater-laubengaier.de\/ro\/birou\/wiebke-lopez-palafox\/","og_site_name":"Laubengaier Klein Partnerschaft mbB","article_modified_time":"2025-12-05T22:55:37+00:00","twitter_card":"summary_large_image","twitter_misc":{"Timp estimat pentru citire":"1 minut"},"schema":{"@context":"https:\/\/schema.org","@graph":[{"@type":"WebPage","@id":"https:\/\/steuerberater-laubengaier.de\/ro\/birou\/wiebke-lopez-palafox\/","url":"https:\/\/steuerberater-laubengaier.de\/ro\/birou\/wiebke-lopez-palafox\/","name":"Wiebke Lopez Palafox &#187; Laubengaier Klein Partnerschaft mbB","isPartOf":{"@id":"https:\/\/steuerberater-laubengaier.de\/ro\/#website"},"datePublished":"2025-10-19T07:52:29+00:00","dateModified":"2025-12-05T22:55:37+00:00","breadcrumb":{"@id":"https:\/\/steuerberater-laubengaier.de\/ro\/birou\/wiebke-lopez-palafox\/#breadcrumb"},"inLanguage":"ro-RO","potentialAction":[{"@type":"ReadAction","target":["https:\/\/steuerberater-laubengaier.de\/ro\/birou\/wiebke-lopez-palafox\/"]}]},{"@type":"BreadcrumbList","@id":"https:\/\/steuerberater-laubengaier.de\/ro\/birou\/wiebke-lopez-palafox\/#breadcrumb","itemListElement":[{"@type":"ListItem","position":1,"name":"Startseite","item":"https:\/\/steuerberater-laubengaier.de\/ro\/"},{"@type":"ListItem","position":2,"name":"Birou","item":"https:\/\/steuerberater-laubengaier.de\/ro\/kanzlei\/"},{"@type":"ListItem","position":3,"name":"Wiebke Lopez Palafox"}]},{"@type":"WebSite","@id":"https:\/\/steuerberater-laubengaier.de\/ro\/#website","url":"https:\/\/steuerberater-laubengaier.de\/ro\/","name":"Laubengaier Klein Partnerschaft mbB","description":"","publisher":{"@id":"https:\/\/steuerberater-laubengaier.de\/ro\/#organization"},"potentialAction":[{"@type":"SearchAction","target":{"@type":"EntryPoint","urlTemplate":"https:\/\/steuerberater-laubengaier.de\/ro\/?s={search_term_string}"},"query-input":{"@type":"PropertyValueSpecification","valueRequired":true,"valueName":"search_term_string"}}],"inLanguage":"ro-RO"},{"@type":"Organization","@id":"https:\/\/steuerberater-laubengaier.de\/ro\/#organization","name":"Laubengaier Klein Partnerschaft mbB","url":"https:\/\/steuerberater-laubengaier.de\/ro\/","logo":{"@type":"ImageObject","inLanguage":"ro-RO","@id":"https:\/\/steuerberater-laubengaier.de\/ro\/#\/schema\/logo\/image\/","url":"https:\/\/steuerberater-laubengaier.de\/wp-content\/uploads\/2025\/10\/cropped-mol_logo-1.webp","contentUrl":"https:\/\/steuerberater-laubengaier.de\/wp-content\/uploads\/2025\/10\/cropped-mol_logo-1.webp","width":1918,"height":1706,"caption":"Laubengaier Klein Partnerschaft mbB"},"image":{"@id":"https:\/\/steuerberater-laubengaier.de\/ro\/#\/schema\/logo\/image\/"}}]}},"_links":{"self":[{"href":"https:\/\/steuerberater-laubengaier.de\/ro\/wp-json\/wp\/v2\/pages\/1841","targetHints":{"allow":["GET"]}}],"collection":[{"href":"https:\/\/steuerberater-laubengaier.de\/ro\/wp-json\/wp\/v2\/pages"}],"about":[{"href":"https:\/\/steuerberater-laubengaier.de\/ro\/wp-json\/wp\/v2\/types\/page"}],"author":[{"embeddable":true,"href":"https:\/\/steuerberater-laubengaier.de\/ro\/wp-json\/wp\/v2\/users\/1"}],"replies":[{"embeddable":true,"href":"https:\/\/steuerberater-laubengaier.de\/ro\/wp-json\/wp\/v2\/comments?post=1841"}],"version-history":[{"count":6,"href":"https:\/\/steuerberater-laubengaier.de\/ro\/wp-json\/wp\/v2\/pages\/1841\/revisions"}],"predecessor-version":[{"id":2411,"href":"https:\/\/steuerberater-laubengaier.de\/ro\/wp-json\/wp\/v2\/pages\/1841\/revisions\/2411"}],"up":[{"embeddable":true,"href":"https:\/\/steuerberater-laubengaier.de\/ro\/wp-json\/wp\/v2\/pages\/1886"}],"wp:attachment":[{"href":"https:\/\/steuerberater-laubengaier.de\/ro\/wp-json\/wp\/v2\/media?parent=1841"}],"curies":[{"name":"wp","href":"https:\/\/api.w.org\/{rel}","templated":true}]}}