{"id":1850,"date":"2025-10-19T09:47:02","date_gmt":"2025-10-19T07:47:02","guid":{"rendered":"https:\/\/steuerberater-laubengaier.de\/marc-oliver-laubengaier\/"},"modified":"2025-12-05T23:55:12","modified_gmt":"2025-12-05T22:55:12","slug":"marc-oliver-laubengaier","status":"publish","type":"page","link":"https:\/\/steuerberater-laubengaier.de\/ro\/birou\/marc-oliver-laubengaier\/","title":{"rendered":"Marc Oliver Laubengaier"},"content":{"rendered":"\t\t<div data-elementor-type=\"wp-page\" data-elementor-id=\"1850\" class=\"elementor elementor-1850 elementor-678\" data-elementor-post-type=\"page\">\n\t\t\t\t<div class=\"elementor-element elementor-element-1da3c13 e-con-full e-flex e-con e-parent\" data-id=\"1da3c13\" data-element_type=\"container\" data-e-type=\"container\" data-settings=\"{&quot;background_background&quot;:&quot;slideshow&quot;,&quot;background_slideshow_gallery&quot;:[{&quot;id&quot;:1851,&quot;url&quot;:&quot;https:\\\/\\\/steuerberater-laubengaier.de\\\/wp-content\\\/uploads\\\/2025\\\/10\\\/Marc-Oliver-Laubengaier.webp&quot;}],&quot;background_slideshow_loop&quot;:&quot;yes&quot;,&quot;background_slideshow_slide_duration&quot;:5000,&quot;background_slideshow_slide_transition&quot;:&quot;fade&quot;,&quot;background_slideshow_transition_duration&quot;:500}\">\n\t\t<div class=\"elementor-element elementor-element-70f0c8e e-grid e-con-full e-con e-child\" data-id=\"70f0c8e\" data-element_type=\"container\" data-e-type=\"container\" data-settings=\"{&quot;background_background&quot;:&quot;classic&quot;}\">\n\t\t\t\t<div class=\"elementor-element elementor-element-49f7ac7 elementor-widget elementor-widget-text-editor\" data-id=\"49f7ac7\" data-element_type=\"widget\" data-e-type=\"widget\" data-widget_type=\"text-editor.default\">\n\t\t\t\t\t\t\t\t\tConsilier fiscal, Dipl. Economist de \u00eentreprindere (FH)\t\t\t\t\t\t\t\t<\/div>\n\t\t\t\t<div class=\"elementor-element elementor-element-1931e64 elementor-widget elementor-widget-heading\" data-id=\"1931e64\" data-element_type=\"widget\" data-e-type=\"widget\" data-widget_type=\"heading.default\">\n\t\t\t\t\t<h2 class=\"elementor-heading-title elementor-size-default\">Marc Oliver<\/br>\nLaubengaier<\/h2>\t\t\t\t<\/div>\n\t\t\t\t<\/div>\n\t\t\t\t<\/div>\n\t\t<div class=\"elementor-element elementor-element-10fa202 e-con-full e-flex e-con e-parent\" data-id=\"10fa202\" data-element_type=\"container\" data-e-type=\"container\">\n\t\t\t\t<div class=\"elementor-element elementor-element-9d66ce7 elementor-widget elementor-widget-heading\" data-id=\"9d66ce7\" data-element_type=\"widget\" data-e-type=\"widget\" data-widget_type=\"heading.default\">\n\t\t\t\t\t<h2 class=\"elementor-heading-title elementor-size-default\">Cariera<\/h2>\t\t\t\t<\/div>\n\t\t\t\t<div class=\"elementor-element elementor-element-e4aa32d elementor-widget elementor-widget-text-editor\" data-id=\"e4aa32d\" data-element_type=\"widget\" data-e-type=\"widget\" data-widget_type=\"text-editor.default\">\n\t\t\t\t\t\t\t\t\t<p>Dup\u0103 studiile de economie la FH Pforzheim \u0219i studiile de &#8222;Fiscalitate \u0219i audit&#8221; la FH N\u00fcrtingen (Diplom\u0103), Marc O. Laubengaier s-a concentrat, p\u00e2n\u0103 la absolvirea examenului de consilier fiscal \u00een 2007, \u00een principal \u00een cadrul consultan\u021bei de afaceri fondat\u0103 \u00een 1996 pe domeniul &#8222;Consultan\u021b\u0103 BW&#8221; \u0219i a putut acumula o experien\u021b\u0103 vast\u0103 aici, care ast\u0103zi completeaz\u0103 \u0219i suplimenteaz\u0103 abord\u0103rile de consultan\u021b\u0103 fiscal\u0103 sau adesea le face posibile.<\/p><p>Din ianuarie 2024, Marc O. Laubengaier \u0219i Benjamin Klein conduc \u00eempreun\u0103 nou-\u00eenfiin\u021bata societate de consultan\u021b\u0103 fiscal\u0103 Laubengaier Klein Partnerschaft mbB.<\/p><p>Puncte principale: drept fiscal interna\u021bional, taxa pe v\u00e2nz\u0103ri, consultan\u021b\u0103 economic\u0103.<\/p><p>Limbi: german\u0103, englez\u0103<\/p><p>E-mail: &#x6d;&#x6f;&#x6c;&#64;&#108;au&#x62;&#x65;&#x6e;&#103;&#97;ie&#x72;&#x2e;&#x64;&#101;<\/p>\t\t\t\t\t\t\t\t<\/div>\n\t\t\t\t<div class=\"elementor-element elementor-element-c5bd9f7 elementor-widget elementor-widget-heading\" data-id=\"c5bd9f7\" data-element_type=\"widget\" data-e-type=\"widget\" data-widget_type=\"heading.default\">\n\t\t\t\t\t<h3 class=\"elementor-heading-title elementor-size-default\">2024 - \u00cenfiin\u021barea Laubengaier Klein Partnerschaft<\/h3>\t\t\t\t<\/div>\n\t\t\t\t<div class=\"elementor-element elementor-element-ea444f9 elementor-widget elementor-widget-heading\" data-id=\"ea444f9\" data-element_type=\"widget\" data-e-type=\"widget\" data-widget_type=\"heading.default\">\n\t\t\t\t\t<h3 class=\"elementor-heading-title elementor-size-default\">2008 \u2013 Preluarea cabinetului patern<\/h3>\t\t\t\t<\/div>\n\t\t\t\t<div class=\"elementor-element elementor-element-826ce95 elementor-widget elementor-widget-heading\" data-id=\"826ce95\" data-element_type=\"widget\" data-e-type=\"widget\" data-widget_type=\"heading.default\">\n\t\t\t\t\t<h3 class=\"elementor-heading-title elementor-size-default\">2007 \u2013 Mutarea cabinetului<\/h3>\t\t\t\t<\/div>\n\t\t\t\t<div class=\"elementor-element elementor-element-d0082d7 elementor-widget elementor-widget-heading\" data-id=\"d0082d7\" data-element_type=\"widget\" data-e-type=\"widget\" data-widget_type=\"heading.default\">\n\t\t\t\t\t<h3 class=\"elementor-heading-title elementor-size-default\">2007 \u2013 Examenul de consilier fiscal<\/h3>\t\t\t\t<\/div>\n\t\t\t\t<div class=\"elementor-element elementor-element-f615929 elementor-widget elementor-widget-heading\" data-id=\"f615929\" data-element_type=\"widget\" data-e-type=\"widget\" data-widget_type=\"heading.default\">\n\t\t\t\t\t<h3 class=\"elementor-heading-title elementor-size-default\">1996 \u2013 \u00cenfiin\u021barea unei consultan\u021be de afaceri<\/h3>\t\t\t\t<\/div>\n\t\t\t\t<\/div>\n\t\t\t\t<\/div>\n\t\t","protected":false},"excerpt":{"rendered":"<p>Consilier fiscal, Dipl. Economist de \u00eentreprindere (FH) Marc Oliver Laubengaier Cariera Dup\u0103 studiile de economie la FH Pforzheim \u0219i studiile [&hellip;]<\/p>\n","protected":false},"author":1,"featured_media":0,"parent":1886,"menu_order":0,"comment_status":"closed","ping_status":"closed","template":"elementor_header_footer","meta":{"site-sidebar-layout":"no-sidebar","site-content-layout":"","ast-site-content-layout":"full-width-container","site-content-style":"default","site-sidebar-style":"default","ast-global-header-display":"","ast-banner-title-visibility":"","ast-main-header-display":"","ast-hfb-above-header-display":"","ast-hfb-below-header-display":"","ast-hfb-mobile-header-display":"","site-post-title":"","ast-breadcrumbs-content":"","ast-featured-img":"disabled","footer-sml-layout":"","ast-disable-related-posts":"","theme-transparent-header-meta":"","adv-header-id-meta":"","stick-header-meta":"","header-above-stick-meta":"","header-main-stick-meta":"","header-below-stick-meta":"","astra-migrate-meta-layouts":"default","ast-page-background-enabled":"default","ast-page-background-meta":{"desktop":{"background-color":"var(--ast-global-color-5)","background-image":"","background-repeat":"repeat","background-position":"center center","background-size":"auto","background-attachment":"scroll","background-type":"","background-media":"","overlay-type":"","overlay-color":"","overlay-opacity":"","overlay-gradient":""},"tablet":{"background-color":"","background-image":"","background-repeat":"repeat","background-position":"center center","background-size":"auto","background-attachment":"scroll","background-type":"","background-media":"","overlay-type":"","overlay-color":"","overlay-opacity":"","overlay-gradient":""},"mobile":{"background-color":"","background-image":"","background-repeat":"repeat","background-position":"center center","background-size":"auto","background-attachment":"scroll","background-type":"","background-media":"","overlay-type":"","overlay-color":"","overlay-opacity":"","overlay-gradient":""}},"ast-content-background-meta":{"desktop":{"background-color":"var(--ast-global-color-4)","background-image":"","background-repeat":"repeat","background-position":"center center","background-size":"auto","background-attachment":"scroll","background-type":"","background-media":"","overlay-type":"","overlay-color":"","overlay-opacity":"","overlay-gradient":""},"tablet":{"background-color":"var(--ast-global-color-4)","background-image":"","background-repeat":"repeat","background-position":"center center","background-size":"auto","background-attachment":"scroll","background-type":"","background-media":"","overlay-type":"","overlay-color":"","overlay-opacity":"","overlay-gradient":""},"mobile":{"background-color":"var(--ast-global-color-4)","background-image":"","background-repeat":"repeat","background-position":"center center","background-size":"auto","background-attachment":"scroll","background-type":"","background-media":"","overlay-type":"","overlay-color":"","overlay-opacity":"","overlay-gradient":""}},"footnotes":""},"class_list":["post-1850","page","type-page","status-publish","hentry"],"yoast_head":"<!-- This site is optimized with the Yoast SEO plugin v27.4 - https:\/\/yoast.com\/product\/yoast-seo-wordpress\/ -->\n<title>Marc Oliver Laubengaier &#187; Laubengaier Klein Partnerschaft mbB<\/title>\n<meta name=\"robots\" content=\"noindex, nofollow\" \/>\n<meta property=\"og:locale\" content=\"ro_RO\" \/>\n<meta property=\"og:type\" content=\"article\" \/>\n<meta property=\"og:title\" content=\"Marc Oliver Laubengaier &#187; Laubengaier Klein Partnerschaft mbB\" \/>\n<meta property=\"og:description\" content=\"Consilier fiscal, Dipl. Economist de \u00eentreprindere (FH) Marc Oliver Laubengaier Cariera Dup\u0103 studiile de economie la FH Pforzheim \u0219i studiile [&hellip;]\" \/>\n<meta property=\"og:url\" content=\"https:\/\/steuerberater-laubengaier.de\/ro\/birou\/marc-oliver-laubengaier\/\" \/>\n<meta property=\"og:site_name\" content=\"Laubengaier Klein Partnerschaft mbB\" \/>\n<meta property=\"article:modified_time\" content=\"2025-12-05T22:55:12+00:00\" \/>\n<meta name=\"twitter:card\" content=\"summary_large_image\" \/>\n<meta name=\"twitter:label1\" content=\"Timp estimat pentru citire\" \/>\n\t<meta name=\"twitter:data1\" content=\"1 minut\" \/>\n<script type=\"application\/ld+json\" class=\"yoast-schema-graph\">{\"@context\":\"https:\\\/\\\/schema.org\",\"@graph\":[{\"@type\":\"WebPage\",\"@id\":\"https:\\\/\\\/steuerberater-laubengaier.de\\\/ro\\\/birou\\\/marc-oliver-laubengaier\\\/\",\"url\":\"https:\\\/\\\/steuerberater-laubengaier.de\\\/ro\\\/birou\\\/marc-oliver-laubengaier\\\/\",\"name\":\"Marc Oliver Laubengaier &#187; Laubengaier Klein Partnerschaft mbB\",\"isPartOf\":{\"@id\":\"https:\\\/\\\/steuerberater-laubengaier.de\\\/ro\\\/#website\"},\"datePublished\":\"2025-10-19T07:47:02+00:00\",\"dateModified\":\"2025-12-05T22:55:12+00:00\",\"breadcrumb\":{\"@id\":\"https:\\\/\\\/steuerberater-laubengaier.de\\\/ro\\\/birou\\\/marc-oliver-laubengaier\\\/#breadcrumb\"},\"inLanguage\":\"ro-RO\",\"potentialAction\":[{\"@type\":\"ReadAction\",\"target\":[\"https:\\\/\\\/steuerberater-laubengaier.de\\\/ro\\\/birou\\\/marc-oliver-laubengaier\\\/\"]}]},{\"@type\":\"BreadcrumbList\",\"@id\":\"https:\\\/\\\/steuerberater-laubengaier.de\\\/ro\\\/birou\\\/marc-oliver-laubengaier\\\/#breadcrumb\",\"itemListElement\":[{\"@type\":\"ListItem\",\"position\":1,\"name\":\"Startseite\",\"item\":\"https:\\\/\\\/steuerberater-laubengaier.de\\\/ro\\\/\"},{\"@type\":\"ListItem\",\"position\":2,\"name\":\"Birou\",\"item\":\"https:\\\/\\\/steuerberater-laubengaier.de\\\/ro\\\/kanzlei\\\/\"},{\"@type\":\"ListItem\",\"position\":3,\"name\":\"Marc Oliver Laubengaier\"}]},{\"@type\":\"WebSite\",\"@id\":\"https:\\\/\\\/steuerberater-laubengaier.de\\\/ro\\\/#website\",\"url\":\"https:\\\/\\\/steuerberater-laubengaier.de\\\/ro\\\/\",\"name\":\"Laubengaier Klein Partnerschaft mbB\",\"description\":\"\",\"publisher\":{\"@id\":\"https:\\\/\\\/steuerberater-laubengaier.de\\\/ro\\\/#organization\"},\"potentialAction\":[{\"@type\":\"SearchAction\",\"target\":{\"@type\":\"EntryPoint\",\"urlTemplate\":\"https:\\\/\\\/steuerberater-laubengaier.de\\\/ro\\\/?s={search_term_string}\"},\"query-input\":{\"@type\":\"PropertyValueSpecification\",\"valueRequired\":true,\"valueName\":\"search_term_string\"}}],\"inLanguage\":\"ro-RO\"},{\"@type\":\"Organization\",\"@id\":\"https:\\\/\\\/steuerberater-laubengaier.de\\\/ro\\\/#organization\",\"name\":\"Laubengaier Klein Partnerschaft mbB\",\"url\":\"https:\\\/\\\/steuerberater-laubengaier.de\\\/ro\\\/\",\"logo\":{\"@type\":\"ImageObject\",\"inLanguage\":\"ro-RO\",\"@id\":\"https:\\\/\\\/steuerberater-laubengaier.de\\\/ro\\\/#\\\/schema\\\/logo\\\/image\\\/\",\"url\":\"https:\\\/\\\/steuerberater-laubengaier.de\\\/wp-content\\\/uploads\\\/2025\\\/10\\\/cropped-mol_logo-1.webp\",\"contentUrl\":\"https:\\\/\\\/steuerberater-laubengaier.de\\\/wp-content\\\/uploads\\\/2025\\\/10\\\/cropped-mol_logo-1.webp\",\"width\":1918,\"height\":1706,\"caption\":\"Laubengaier Klein Partnerschaft mbB\"},\"image\":{\"@id\":\"https:\\\/\\\/steuerberater-laubengaier.de\\\/ro\\\/#\\\/schema\\\/logo\\\/image\\\/\"}}]}<\/script>\n<!-- \/ Yoast SEO plugin. -->","yoast_head_json":{"title":"Marc Oliver Laubengaier &#187; Laubengaier Klein Partnerschaft mbB","robots":{"index":"noindex","follow":"nofollow"},"og_locale":"ro_RO","og_type":"article","og_title":"Marc Oliver Laubengaier &#187; Laubengaier Klein Partnerschaft mbB","og_description":"Consilier fiscal, Dipl. Economist de \u00eentreprindere (FH) Marc Oliver Laubengaier Cariera Dup\u0103 studiile de economie la FH Pforzheim \u0219i studiile [&hellip;]","og_url":"https:\/\/steuerberater-laubengaier.de\/ro\/birou\/marc-oliver-laubengaier\/","og_site_name":"Laubengaier Klein Partnerschaft mbB","article_modified_time":"2025-12-05T22:55:12+00:00","twitter_card":"summary_large_image","twitter_misc":{"Timp estimat pentru citire":"1 minut"},"schema":{"@context":"https:\/\/schema.org","@graph":[{"@type":"WebPage","@id":"https:\/\/steuerberater-laubengaier.de\/ro\/birou\/marc-oliver-laubengaier\/","url":"https:\/\/steuerberater-laubengaier.de\/ro\/birou\/marc-oliver-laubengaier\/","name":"Marc Oliver Laubengaier &#187; Laubengaier Klein Partnerschaft mbB","isPartOf":{"@id":"https:\/\/steuerberater-laubengaier.de\/ro\/#website"},"datePublished":"2025-10-19T07:47:02+00:00","dateModified":"2025-12-05T22:55:12+00:00","breadcrumb":{"@id":"https:\/\/steuerberater-laubengaier.de\/ro\/birou\/marc-oliver-laubengaier\/#breadcrumb"},"inLanguage":"ro-RO","potentialAction":[{"@type":"ReadAction","target":["https:\/\/steuerberater-laubengaier.de\/ro\/birou\/marc-oliver-laubengaier\/"]}]},{"@type":"BreadcrumbList","@id":"https:\/\/steuerberater-laubengaier.de\/ro\/birou\/marc-oliver-laubengaier\/#breadcrumb","itemListElement":[{"@type":"ListItem","position":1,"name":"Startseite","item":"https:\/\/steuerberater-laubengaier.de\/ro\/"},{"@type":"ListItem","position":2,"name":"Birou","item":"https:\/\/steuerberater-laubengaier.de\/ro\/kanzlei\/"},{"@type":"ListItem","position":3,"name":"Marc Oliver Laubengaier"}]},{"@type":"WebSite","@id":"https:\/\/steuerberater-laubengaier.de\/ro\/#website","url":"https:\/\/steuerberater-laubengaier.de\/ro\/","name":"Laubengaier Klein Partnerschaft mbB","description":"","publisher":{"@id":"https:\/\/steuerberater-laubengaier.de\/ro\/#organization"},"potentialAction":[{"@type":"SearchAction","target":{"@type":"EntryPoint","urlTemplate":"https:\/\/steuerberater-laubengaier.de\/ro\/?s={search_term_string}"},"query-input":{"@type":"PropertyValueSpecification","valueRequired":true,"valueName":"search_term_string"}}],"inLanguage":"ro-RO"},{"@type":"Organization","@id":"https:\/\/steuerberater-laubengaier.de\/ro\/#organization","name":"Laubengaier Klein Partnerschaft mbB","url":"https:\/\/steuerberater-laubengaier.de\/ro\/","logo":{"@type":"ImageObject","inLanguage":"ro-RO","@id":"https:\/\/steuerberater-laubengaier.de\/ro\/#\/schema\/logo\/image\/","url":"https:\/\/steuerberater-laubengaier.de\/wp-content\/uploads\/2025\/10\/cropped-mol_logo-1.webp","contentUrl":"https:\/\/steuerberater-laubengaier.de\/wp-content\/uploads\/2025\/10\/cropped-mol_logo-1.webp","width":1918,"height":1706,"caption":"Laubengaier Klein Partnerschaft mbB"},"image":{"@id":"https:\/\/steuerberater-laubengaier.de\/ro\/#\/schema\/logo\/image\/"}}]}},"_links":{"self":[{"href":"https:\/\/steuerberater-laubengaier.de\/ro\/wp-json\/wp\/v2\/pages\/1850","targetHints":{"allow":["GET"]}}],"collection":[{"href":"https:\/\/steuerberater-laubengaier.de\/ro\/wp-json\/wp\/v2\/pages"}],"about":[{"href":"https:\/\/steuerberater-laubengaier.de\/ro\/wp-json\/wp\/v2\/types\/page"}],"author":[{"embeddable":true,"href":"https:\/\/steuerberater-laubengaier.de\/ro\/wp-json\/wp\/v2\/users\/1"}],"replies":[{"embeddable":true,"href":"https:\/\/steuerberater-laubengaier.de\/ro\/wp-json\/wp\/v2\/comments?post=1850"}],"version-history":[{"count":10,"href":"https:\/\/steuerberater-laubengaier.de\/ro\/wp-json\/wp\/v2\/pages\/1850\/revisions"}],"predecessor-version":[{"id":2406,"href":"https:\/\/steuerberater-laubengaier.de\/ro\/wp-json\/wp\/v2\/pages\/1850\/revisions\/2406"}],"up":[{"embeddable":true,"href":"https:\/\/steuerberater-laubengaier.de\/ro\/wp-json\/wp\/v2\/pages\/1886"}],"wp:attachment":[{"href":"https:\/\/steuerberater-laubengaier.de\/ro\/wp-json\/wp\/v2\/media?parent=1850"}],"curies":[{"name":"wp","href":"https:\/\/api.w.org\/{rel}","templated":true}]}}