{"id":1859,"date":"2025-10-19T09:49:32","date_gmt":"2025-10-19T07:49:32","guid":{"rendered":"https:\/\/steuerberater-laubengaier.de\/benjamin-klein\/"},"modified":"2025-12-05T23:52:44","modified_gmt":"2025-12-05T22:52:44","slug":"benjamin-klein","status":"publish","type":"page","link":"https:\/\/steuerberater-laubengaier.de\/ro\/birou\/benjamin-klein\/","title":{"rendered":"Benjamin Klein"},"content":{"rendered":"\t\t<div data-elementor-type=\"wp-page\" data-elementor-id=\"1859\" class=\"elementor elementor-1859 elementor-686\" data-elementor-post-type=\"page\">\n\t\t\t\t<div class=\"elementor-element elementor-element-4c9921e e-con-full e-flex e-con e-parent\" data-id=\"4c9921e\" data-element_type=\"container\" data-e-type=\"container\" data-settings=\"{&quot;background_background&quot;:&quot;slideshow&quot;,&quot;background_slideshow_gallery&quot;:[{&quot;id&quot;:1860,&quot;url&quot;:&quot;https:\\\/\\\/steuerberater-laubengaier.de\\\/wp-content\\\/uploads\\\/2025\\\/10\\\/Benjamin-Klein.png&quot;}],&quot;background_slideshow_loop&quot;:&quot;yes&quot;,&quot;background_slideshow_slide_duration&quot;:5000,&quot;background_slideshow_slide_transition&quot;:&quot;fade&quot;,&quot;background_slideshow_transition_duration&quot;:500}\">\n\t\t<div class=\"elementor-element elementor-element-67db86e e-grid e-con-full e-con e-child\" data-id=\"67db86e\" data-element_type=\"container\" data-e-type=\"container\" data-settings=\"{&quot;background_background&quot;:&quot;classic&quot;}\">\n\t\t\t\t<div class=\"elementor-element elementor-element-797f1aa elementor-widget elementor-widget-text-editor\" data-id=\"797f1aa\" data-element_type=\"widget\" data-e-type=\"widget\" data-widget_type=\"text-editor.default\">\n\t\t\t\t\t\t\t\t\tConsilier fiscal, Bachelor of Laws (LL.B.)\t\t\t\t\t\t\t\t<\/div>\n\t\t\t\t<div class=\"elementor-element elementor-element-6a75ace elementor-widget elementor-widget-heading\" data-id=\"6a75ace\" data-element_type=\"widget\" data-e-type=\"widget\" data-widget_type=\"heading.default\">\n\t\t\t\t\t<h2 class=\"elementor-heading-title elementor-size-default\">Benjamin G.<\/br>\nKlein<\/h2>\t\t\t\t<\/div>\n\t\t\t\t<\/div>\n\t\t\t\t<\/div>\n\t\t<div class=\"elementor-element elementor-element-2862111 e-con-full e-flex e-con e-parent\" data-id=\"2862111\" data-element_type=\"container\" data-e-type=\"container\">\n\t\t\t\t<div class=\"elementor-element elementor-element-ebc2aee elementor-widget elementor-widget-heading\" data-id=\"ebc2aee\" data-element_type=\"widget\" data-e-type=\"widget\" data-widget_type=\"heading.default\">\n\t\t\t\t\t<h2 class=\"elementor-heading-title elementor-size-default\">Cariera<\/h2>\t\t\t\t<\/div>\n\t\t\t\t<div class=\"elementor-element elementor-element-d1fc482 elementor-widget elementor-widget-text-editor\" data-id=\"d1fc482\" data-element_type=\"widget\" data-e-type=\"widget\" data-widget_type=\"text-editor.default\">\n\t\t\t\t\t\t\t\t\t<p>Dup\u0103 o formare temeinic\u0103 la Universitatea de \u0218tiin\u021be Aplicate pentru Administra\u021bie Financiar\u0103 din Ludwigsburg, Benjamin Klein a lucrat timp de patru ani ca func\u021bionar \u00een departamentul de contesta\u021bii al administra\u021biei fiscale. \u00cen anul 2019, a absolvit cu succes examenul de consilier fiscal \u0219i ulterior a lucrat \u00een cabinetul individual Laubengaier.<\/p><p>Din 2024, Marc O. Laubengaier \u0219i Benjamin Klein conduc \u00eempreun\u0103 societatea de consultan\u021b\u0103 fiscal\u0103 nou \u00eenfiin\u021bat\u0103 Laubengaier Klein Partnerschaft mbB.<\/p><p>Puncte principale: impozitul pe mo\u0219tenire, drept procedural, impozite pe venit<\/p><p>Limbi: german\u0103, englez\u0103<\/p><p>E-mail: &#x6b;&#x6c;&#101;&#105;n&#x40;&#x6c;&#x61;&#117;&#98;e&#x6e;&#x67;&#x61;&#105;&#101;r&#x2e;&#x64;&#x65;<\/p>\t\t\t\t\t\t\t\t<\/div>\n\t\t\t\t<div class=\"elementor-element elementor-element-780b5a8 elementor-widget elementor-widget-heading\" data-id=\"780b5a8\" data-element_type=\"widget\" data-e-type=\"widget\" data-widget_type=\"heading.default\">\n\t\t\t\t\t<h3 class=\"elementor-heading-title elementor-size-default\">2024 - \u00cenfiin\u021barea Laubengaier Klein Partnerschaft<\/h3>\t\t\t\t<\/div>\n\t\t\t\t<div class=\"elementor-element elementor-element-27e18b1 elementor-widget elementor-widget-heading\" data-id=\"27e18b1\" data-element_type=\"widget\" data-e-type=\"widget\" data-widget_type=\"heading.default\">\n\t\t\t\t\t<h3 class=\"elementor-heading-title elementor-size-default\">2019-2023 - Activitate \u00een cadrul cabinetului Laubengaier<\/h3>\t\t\t\t<\/div>\n\t\t\t\t<div class=\"elementor-element elementor-element-5904fa0 elementor-widget elementor-widget-heading\" data-id=\"5904fa0\" data-element_type=\"widget\" data-e-type=\"widget\" data-widget_type=\"heading.default\">\n\t\t\t\t\t<h3 class=\"elementor-heading-title elementor-size-default\">2019 - Examen de consilier fiscal<\/h3>\t\t\t\t<\/div>\n\t\t\t\t<div class=\"elementor-element elementor-element-de60454 elementor-widget elementor-widget-heading\" data-id=\"de60454\" data-element_type=\"widget\" data-e-type=\"widget\" data-widget_type=\"heading.default\">\n\t\t\t\t\t<h3 class=\"elementor-heading-title elementor-size-default\">2015-2019 - Func\u021bionar \u00een departamentul de contesta\u021bii al administra\u021biei fiscale Stuttgart II<\/h3>\t\t\t\t<\/div>\n\t\t\t\t<div class=\"elementor-element elementor-element-ae1481f elementor-widget elementor-widget-heading\" data-id=\"ae1481f\" data-element_type=\"widget\" data-e-type=\"widget\" data-widget_type=\"heading.default\">\n\t\t\t\t\t<h3 class=\"elementor-heading-title elementor-size-default\">2015 - Bachelor of Laws (LL.B.) \u0219i examen de carier\u0103 \u00een administra\u021bia financiar\u0103 a landului Baden-W\u00fcrttemberg<\/h3>\t\t\t\t<\/div>\n\t\t\t\t<\/div>\n\t\t\t\t<\/div>\n\t\t","protected":false},"excerpt":{"rendered":"<p>Consilier fiscal, Bachelor of Laws (LL.B.) Benjamin G. Klein Cariera Dup\u0103 o formare temeinic\u0103 la Universitatea de \u0218tiin\u021be Aplicate pentru [&hellip;]<\/p>\n","protected":false},"author":1,"featured_media":0,"parent":1886,"menu_order":0,"comment_status":"closed","ping_status":"closed","template":"elementor_header_footer","meta":{"site-sidebar-layout":"no-sidebar","site-content-layout":"","ast-site-content-layout":"full-width-container","site-content-style":"default","site-sidebar-style":"default","ast-global-header-display":"","ast-banner-title-visibility":"","ast-main-header-display":"","ast-hfb-above-header-display":"","ast-hfb-below-header-display":"","ast-hfb-mobile-header-display":"","site-post-title":"","ast-breadcrumbs-content":"","ast-featured-img":"disabled","footer-sml-layout":"","ast-disable-related-posts":"","theme-transparent-header-meta":"","adv-header-id-meta":"","stick-header-meta":"","header-above-stick-meta":"","header-main-stick-meta":"","header-below-stick-meta":"","astra-migrate-meta-layouts":"default","ast-page-background-enabled":"default","ast-page-background-meta":{"desktop":{"background-color":"var(--ast-global-color-5)","background-image":"","background-repeat":"repeat","background-position":"center center","background-size":"auto","background-attachment":"scroll","background-type":"","background-media":"","overlay-type":"","overlay-color":"","overlay-opacity":"","overlay-gradient":""},"tablet":{"background-color":"","background-image":"","background-repeat":"repeat","background-position":"center center","background-size":"auto","background-attachment":"scroll","background-type":"","background-media":"","overlay-type":"","overlay-color":"","overlay-opacity":"","overlay-gradient":""},"mobile":{"background-color":"","background-image":"","background-repeat":"repeat","background-position":"center center","background-size":"auto","background-attachment":"scroll","background-type":"","background-media":"","overlay-type":"","overlay-color":"","overlay-opacity":"","overlay-gradient":""}},"ast-content-background-meta":{"desktop":{"background-color":"var(--ast-global-color-4)","background-image":"","background-repeat":"repeat","background-position":"center center","background-size":"auto","background-attachment":"scroll","background-type":"","background-media":"","overlay-type":"","overlay-color":"","overlay-opacity":"","overlay-gradient":""},"tablet":{"background-color":"var(--ast-global-color-4)","background-image":"","background-repeat":"repeat","background-position":"center center","background-size":"auto","background-attachment":"scroll","background-type":"","background-media":"","overlay-type":"","overlay-color":"","overlay-opacity":"","overlay-gradient":""},"mobile":{"background-color":"var(--ast-global-color-4)","background-image":"","background-repeat":"repeat","background-position":"center center","background-size":"auto","background-attachment":"scroll","background-type":"","background-media":"","overlay-type":"","overlay-color":"","overlay-opacity":"","overlay-gradient":""}},"footnotes":""},"class_list":["post-1859","page","type-page","status-publish","hentry"],"yoast_head":"<!-- This site is optimized with the Yoast SEO plugin v27.4 - https:\/\/yoast.com\/product\/yoast-seo-wordpress\/ -->\n<title>Benjamin Klein &#187; Laubengaier Klein Partnerschaft mbB<\/title>\n<meta name=\"robots\" content=\"noindex, nofollow\" \/>\n<meta property=\"og:locale\" content=\"ro_RO\" \/>\n<meta property=\"og:type\" content=\"article\" \/>\n<meta property=\"og:title\" content=\"Benjamin Klein &#187; Laubengaier Klein Partnerschaft mbB\" \/>\n<meta property=\"og:description\" content=\"Consilier fiscal, Bachelor of Laws (LL.B.) Benjamin G. Klein Cariera Dup\u0103 o formare temeinic\u0103 la Universitatea de \u0218tiin\u021be Aplicate pentru [&hellip;]\" \/>\n<meta property=\"og:url\" content=\"https:\/\/steuerberater-laubengaier.de\/ro\/birou\/benjamin-klein\/\" \/>\n<meta property=\"og:site_name\" content=\"Laubengaier Klein Partnerschaft mbB\" \/>\n<meta property=\"article:modified_time\" content=\"2025-12-05T22:52:44+00:00\" \/>\n<meta name=\"twitter:card\" content=\"summary_large_image\" \/>\n<meta name=\"twitter:label1\" content=\"Timp estimat pentru citire\" \/>\n\t<meta name=\"twitter:data1\" content=\"1 minut\" \/>\n<script type=\"application\/ld+json\" class=\"yoast-schema-graph\">{\"@context\":\"https:\\\/\\\/schema.org\",\"@graph\":[{\"@type\":\"WebPage\",\"@id\":\"https:\\\/\\\/steuerberater-laubengaier.de\\\/ro\\\/birou\\\/benjamin-klein\\\/\",\"url\":\"https:\\\/\\\/steuerberater-laubengaier.de\\\/ro\\\/birou\\\/benjamin-klein\\\/\",\"name\":\"Benjamin Klein &#187; Laubengaier Klein Partnerschaft mbB\",\"isPartOf\":{\"@id\":\"https:\\\/\\\/steuerberater-laubengaier.de\\\/ro\\\/#website\"},\"datePublished\":\"2025-10-19T07:49:32+00:00\",\"dateModified\":\"2025-12-05T22:52:44+00:00\",\"breadcrumb\":{\"@id\":\"https:\\\/\\\/steuerberater-laubengaier.de\\\/ro\\\/birou\\\/benjamin-klein\\\/#breadcrumb\"},\"inLanguage\":\"ro-RO\",\"potentialAction\":[{\"@type\":\"ReadAction\",\"target\":[\"https:\\\/\\\/steuerberater-laubengaier.de\\\/ro\\\/birou\\\/benjamin-klein\\\/\"]}]},{\"@type\":\"BreadcrumbList\",\"@id\":\"https:\\\/\\\/steuerberater-laubengaier.de\\\/ro\\\/birou\\\/benjamin-klein\\\/#breadcrumb\",\"itemListElement\":[{\"@type\":\"ListItem\",\"position\":1,\"name\":\"Startseite\",\"item\":\"https:\\\/\\\/steuerberater-laubengaier.de\\\/ro\\\/\"},{\"@type\":\"ListItem\",\"position\":2,\"name\":\"Birou\",\"item\":\"https:\\\/\\\/steuerberater-laubengaier.de\\\/ro\\\/kanzlei\\\/\"},{\"@type\":\"ListItem\",\"position\":3,\"name\":\"Benjamin Klein\"}]},{\"@type\":\"WebSite\",\"@id\":\"https:\\\/\\\/steuerberater-laubengaier.de\\\/ro\\\/#website\",\"url\":\"https:\\\/\\\/steuerberater-laubengaier.de\\\/ro\\\/\",\"name\":\"Laubengaier Klein Partnerschaft mbB\",\"description\":\"\",\"publisher\":{\"@id\":\"https:\\\/\\\/steuerberater-laubengaier.de\\\/ro\\\/#organization\"},\"potentialAction\":[{\"@type\":\"SearchAction\",\"target\":{\"@type\":\"EntryPoint\",\"urlTemplate\":\"https:\\\/\\\/steuerberater-laubengaier.de\\\/ro\\\/?s={search_term_string}\"},\"query-input\":{\"@type\":\"PropertyValueSpecification\",\"valueRequired\":true,\"valueName\":\"search_term_string\"}}],\"inLanguage\":\"ro-RO\"},{\"@type\":\"Organization\",\"@id\":\"https:\\\/\\\/steuerberater-laubengaier.de\\\/ro\\\/#organization\",\"name\":\"Laubengaier Klein Partnerschaft mbB\",\"url\":\"https:\\\/\\\/steuerberater-laubengaier.de\\\/ro\\\/\",\"logo\":{\"@type\":\"ImageObject\",\"inLanguage\":\"ro-RO\",\"@id\":\"https:\\\/\\\/steuerberater-laubengaier.de\\\/ro\\\/#\\\/schema\\\/logo\\\/image\\\/\",\"url\":\"https:\\\/\\\/steuerberater-laubengaier.de\\\/wp-content\\\/uploads\\\/2025\\\/10\\\/cropped-mol_logo-1.webp\",\"contentUrl\":\"https:\\\/\\\/steuerberater-laubengaier.de\\\/wp-content\\\/uploads\\\/2025\\\/10\\\/cropped-mol_logo-1.webp\",\"width\":1918,\"height\":1706,\"caption\":\"Laubengaier Klein Partnerschaft mbB\"},\"image\":{\"@id\":\"https:\\\/\\\/steuerberater-laubengaier.de\\\/ro\\\/#\\\/schema\\\/logo\\\/image\\\/\"}}]}<\/script>\n<!-- \/ Yoast SEO plugin. -->","yoast_head_json":{"title":"Benjamin Klein &#187; Laubengaier Klein Partnerschaft mbB","robots":{"index":"noindex","follow":"nofollow"},"og_locale":"ro_RO","og_type":"article","og_title":"Benjamin Klein &#187; Laubengaier Klein Partnerschaft mbB","og_description":"Consilier fiscal, Bachelor of Laws (LL.B.) Benjamin G. Klein Cariera Dup\u0103 o formare temeinic\u0103 la Universitatea de \u0218tiin\u021be Aplicate pentru [&hellip;]","og_url":"https:\/\/steuerberater-laubengaier.de\/ro\/birou\/benjamin-klein\/","og_site_name":"Laubengaier Klein Partnerschaft mbB","article_modified_time":"2025-12-05T22:52:44+00:00","twitter_card":"summary_large_image","twitter_misc":{"Timp estimat pentru citire":"1 minut"},"schema":{"@context":"https:\/\/schema.org","@graph":[{"@type":"WebPage","@id":"https:\/\/steuerberater-laubengaier.de\/ro\/birou\/benjamin-klein\/","url":"https:\/\/steuerberater-laubengaier.de\/ro\/birou\/benjamin-klein\/","name":"Benjamin Klein &#187; Laubengaier Klein Partnerschaft mbB","isPartOf":{"@id":"https:\/\/steuerberater-laubengaier.de\/ro\/#website"},"datePublished":"2025-10-19T07:49:32+00:00","dateModified":"2025-12-05T22:52:44+00:00","breadcrumb":{"@id":"https:\/\/steuerberater-laubengaier.de\/ro\/birou\/benjamin-klein\/#breadcrumb"},"inLanguage":"ro-RO","potentialAction":[{"@type":"ReadAction","target":["https:\/\/steuerberater-laubengaier.de\/ro\/birou\/benjamin-klein\/"]}]},{"@type":"BreadcrumbList","@id":"https:\/\/steuerberater-laubengaier.de\/ro\/birou\/benjamin-klein\/#breadcrumb","itemListElement":[{"@type":"ListItem","position":1,"name":"Startseite","item":"https:\/\/steuerberater-laubengaier.de\/ro\/"},{"@type":"ListItem","position":2,"name":"Birou","item":"https:\/\/steuerberater-laubengaier.de\/ro\/kanzlei\/"},{"@type":"ListItem","position":3,"name":"Benjamin Klein"}]},{"@type":"WebSite","@id":"https:\/\/steuerberater-laubengaier.de\/ro\/#website","url":"https:\/\/steuerberater-laubengaier.de\/ro\/","name":"Laubengaier Klein Partnerschaft mbB","description":"","publisher":{"@id":"https:\/\/steuerberater-laubengaier.de\/ro\/#organization"},"potentialAction":[{"@type":"SearchAction","target":{"@type":"EntryPoint","urlTemplate":"https:\/\/steuerberater-laubengaier.de\/ro\/?s={search_term_string}"},"query-input":{"@type":"PropertyValueSpecification","valueRequired":true,"valueName":"search_term_string"}}],"inLanguage":"ro-RO"},{"@type":"Organization","@id":"https:\/\/steuerberater-laubengaier.de\/ro\/#organization","name":"Laubengaier Klein Partnerschaft mbB","url":"https:\/\/steuerberater-laubengaier.de\/ro\/","logo":{"@type":"ImageObject","inLanguage":"ro-RO","@id":"https:\/\/steuerberater-laubengaier.de\/ro\/#\/schema\/logo\/image\/","url":"https:\/\/steuerberater-laubengaier.de\/wp-content\/uploads\/2025\/10\/cropped-mol_logo-1.webp","contentUrl":"https:\/\/steuerberater-laubengaier.de\/wp-content\/uploads\/2025\/10\/cropped-mol_logo-1.webp","width":1918,"height":1706,"caption":"Laubengaier Klein Partnerschaft mbB"},"image":{"@id":"https:\/\/steuerberater-laubengaier.de\/ro\/#\/schema\/logo\/image\/"}}]}},"_links":{"self":[{"href":"https:\/\/steuerberater-laubengaier.de\/ro\/wp-json\/wp\/v2\/pages\/1859","targetHints":{"allow":["GET"]}}],"collection":[{"href":"https:\/\/steuerberater-laubengaier.de\/ro\/wp-json\/wp\/v2\/pages"}],"about":[{"href":"https:\/\/steuerberater-laubengaier.de\/ro\/wp-json\/wp\/v2\/types\/page"}],"author":[{"embeddable":true,"href":"https:\/\/steuerberater-laubengaier.de\/ro\/wp-json\/wp\/v2\/users\/1"}],"replies":[{"embeddable":true,"href":"https:\/\/steuerberater-laubengaier.de\/ro\/wp-json\/wp\/v2\/comments?post=1859"}],"version-history":[{"count":6,"href":"https:\/\/steuerberater-laubengaier.de\/ro\/wp-json\/wp\/v2\/pages\/1859\/revisions"}],"predecessor-version":[{"id":2391,"href":"https:\/\/steuerberater-laubengaier.de\/ro\/wp-json\/wp\/v2\/pages\/1859\/revisions\/2391"}],"up":[{"embeddable":true,"href":"https:\/\/steuerberater-laubengaier.de\/ro\/wp-json\/wp\/v2\/pages\/1886"}],"wp:attachment":[{"href":"https:\/\/steuerberater-laubengaier.de\/ro\/wp-json\/wp\/v2\/media?parent=1859"}],"curies":[{"name":"wp","href":"https:\/\/api.w.org\/{rel}","templated":true}]}}